{"id":25,"date":"2024-02-02T18:51:51","date_gmt":"2024-02-02T17:51:51","guid":{"rendered":"https:\/\/cryptofox.fr\/?post_type=product&#038;p=25"},"modified":"2025-04-26T05:20:18","modified_gmt":"2025-04-26T03:20:18","slug":"module-4","status":"publish","type":"product","link":"https:\/\/cryptofox.fr\/index.php\/produit\/module-4\/","title":{"rendered":"Module 4"},"content":{"rendered":"<p>Dans un premier temps, nous allons analyser l\u2019aspect\u00a0 technique du march\u00e9 des crypto-monnaies sur tradingview puis nous \u00e9tudierons les diff\u00e9rentes figures que les graphiques peuvent adopter.<\/p>\n<p>Dans un second temps, nous allons nous pencher sur les diff\u00e9rents indicateur utile \u00e0 l&#8217;analyse graphique d\u2019une cryptomonnaie comme les tendances, le RSI, les MACD, le Fibonacci et bien d\u2019autres.\u00a0<\/p>\n<p>Nous allons finir par effectuer une corr\u00e9lation avec le march\u00e9 traditionnel\u00a0 mais aussi l\u2019impact que les grandes bourses du monde ont sur le march\u00e9 des cryptomonnaies. Il faut savoir que depuis 2021 les institutionnels (les fonds d&#8217;investissement, les banques, les entreprises\u2026) ont le droit d\u2019investir et de sp\u00e9culer sur le march\u00e9 des cryptomonnaies.<\/p>\n","protected":false},"excerpt":{"rendered":"<p>\u2947\u00a0Analyse du march\u00e9 cryptographique\u00a0<\/p>\n<p>\u2947\u00a0Utiliser la base des indicateurs graphiques\u00a0<\/p>\n<p>\u2947\u00a0Corr\u00e9lation avec le march\u00e9 traditionnel<\/p>\n<p>\u2947\u00a0L\u2019analyse technique \u00e9tudie l\u2019\u00e9volution des cours d\u2019un sous-jacent avec une vision prospective.<\/p>\n<p>\u2947\u00a0Elle sert \u00e0 analyser la mani\u00e8re dont \u00e9volue un actif et non pas les raisons de son \u00e9volution.<\/p>\n<p>\u2947\u00a0Elle repose sur la psychologie des march\u00e9s.<\/p>\n<p>\u2947\u00a0Enfin elle est un compl\u00e9ment \u00e0 l&#8217;analyse fondamentale\u00a0 et aux sources d\u2019informations.\u00a0<\/p>\n","protected":false},"featured_media":344,"comment_status":"open","ping_status":"closed","template":"","meta":[],"product_cat":[17],"product_tag":[],"jetpack_sharing_enabled":true,"_links":{"self":[{"href":"https:\/\/cryptofox.fr\/index.php\/wp-json\/wp\/v2\/product\/25"}],"collection":[{"href":"https:\/\/cryptofox.fr\/index.php\/wp-json\/wp\/v2\/product"}],"about":[{"href":"https:\/\/cryptofox.fr\/index.php\/wp-json\/wp\/v2\/types\/product"}],"replies":[{"embeddable":true,"href":"https:\/\/cryptofox.fr\/index.php\/wp-json\/wp\/v2\/comments?post=25"}],"wp:featuredmedia":[{"embeddable":true,"href":"https:\/\/cryptofox.fr\/index.php\/wp-json\/wp\/v2\/media\/344"}],"wp:attachment":[{"href":"https:\/\/cryptofox.fr\/index.php\/wp-json\/wp\/v2\/media?parent=25"}],"wp:term":[{"taxonomy":"product_cat","embeddable":true,"href":"https:\/\/cryptofox.fr\/index.php\/wp-json\/wp\/v2\/product_cat?post=25"},{"taxonomy":"product_tag","embeddable":true,"href":"https:\/\/cryptofox.fr\/index.php\/wp-json\/wp\/v2\/product_tag?post=25"}],"curies":[{"name":"wp","href":"https:\/\/api.w.org\/{rel}","templated":true}]}}