{"id":24,"date":"2024-02-03T18:51:20","date_gmt":"2024-02-03T17:51:20","guid":{"rendered":"https:\/\/cryptofox.fr\/?post_type=product&#038;p=24"},"modified":"2024-03-04T13:07:06","modified_gmt":"2024-03-04T12:07:06","slug":"module-3","status":"publish","type":"product","link":"https:\/\/cryptofox.fr\/index.php\/produit\/module-3\/","title":{"rendered":"Module 3"},"content":{"rendered":"<p>Dans ce module nous allons \u00e9tudier comment fonctionne le march\u00e9 des cryptomonnaies dans sa g\u00e9n\u00e9ralit\u00e9s en d\u00e9cortiquant les bases de l\u2019analyse fondamentale.\u00a0\u00a0\u00a0\u00a0<\/p>\n<p>Ensuite, nous partons \u00e0 la d\u00e9couverte des diff\u00e9rentes entit\u00e9s qui ont une r\u00e9elle influence sur le march\u00e9 des cryptomonnaies.<\/p>\n<p>Puis nous allons apprendre \u00e0 g\u00e9rer et faire le tri des actualit\u00e9s dans les m\u00e9dias, avec celles pouvant r\u00e9ellement impacter le march\u00e9 des cryptomonnaies.<\/p>\n<p>Pour finir nous allons voir les petites erreurs \u00e0 \u00e9viter, ainsi que les outils qui peuvent vous aider dans cette d\u00e9marche.<\/p>\n","protected":false},"excerpt":{"rendered":"<p>Le March\u00e9 des cryptomonnaies : <\/p>\n<p>\u2947 Comment fonctionne l\u2019\u00e9cosyst\u00e8me du march\u00e9 des cryptomonnaies ?\u00a0<\/p>\n<p>\u2947Comment savoir qui a une r\u00e9elle\u00a0 influence sur le march\u00e9\u00a0 ?\u00a0<\/p>\n<p>\u2947Comment g\u00e9rer les m\u00e9dias et les annonces qui peuvent directement impacter le march\u00e9.<\/p>\n","protected":false},"featured_media":348,"comment_status":"open","ping_status":"closed","template":"","meta":[],"product_cat":[17],"product_tag":[],"jetpack_sharing_enabled":true,"_links":{"self":[{"href":"https:\/\/cryptofox.fr\/index.php\/wp-json\/wp\/v2\/product\/24"}],"collection":[{"href":"https:\/\/cryptofox.fr\/index.php\/wp-json\/wp\/v2\/product"}],"about":[{"href":"https:\/\/cryptofox.fr\/index.php\/wp-json\/wp\/v2\/types\/product"}],"replies":[{"embeddable":true,"href":"https:\/\/cryptofox.fr\/index.php\/wp-json\/wp\/v2\/comments?post=24"}],"wp:featuredmedia":[{"embeddable":true,"href":"https:\/\/cryptofox.fr\/index.php\/wp-json\/wp\/v2\/media\/348"}],"wp:attachment":[{"href":"https:\/\/cryptofox.fr\/index.php\/wp-json\/wp\/v2\/media?parent=24"}],"wp:term":[{"taxonomy":"product_cat","embeddable":true,"href":"https:\/\/cryptofox.fr\/index.php\/wp-json\/wp\/v2\/product_cat?post=24"},{"taxonomy":"product_tag","embeddable":true,"href":"https:\/\/cryptofox.fr\/index.php\/wp-json\/wp\/v2\/product_tag?post=24"}],"curies":[{"name":"wp","href":"https:\/\/api.w.org\/{rel}","templated":true}]}}