{"id":23,"date":"2024-02-04T18:50:29","date_gmt":"2024-02-04T17:50:29","guid":{"rendered":"https:\/\/cryptofox.fr\/?post_type=product&#038;p=23"},"modified":"2024-03-04T13:06:55","modified_gmt":"2024-03-04T12:06:55","slug":"module-2","status":"publish","type":"product","link":"https:\/\/cryptofox.fr\/index.php\/produit\/module-2\/","title":{"rendered":"Module 2"},"content":{"rendered":"<p>Nous d\u00e9veloppons avec vus vos premier pas dans votre strat\u00e9gie d&#8217;investissement, en reprenant les bases de votre mindset pour l&#8217;adapter aux sources de revenue du march\u00e9 des crypto-monnaies. <\/p>\n","protected":false},"excerpt":{"rendered":"<p>Strat\u00e9gie d&#8217;investissement : <\/p>\n<p>Comment g\u00e9rer sa psychologie ?<\/p>\n<p>Trouver son plan d\u2019investissement\u00a0:<\/p>\n<p>&#8211; Somme \u00e0 investir\u00a0<br \/>&#8211; Temps \u00e0 consacrer dans votre projet\u00a0<br \/>&#8211; Temps de rendement\u00a0<br \/>&#8211; La somme d\u00e9sir\u00e9e \u00e0 la sortie<\/p>\n<p>Trouver sa source de revenus\u00a0:<\/p>\n<p>&#8211; Holding<br \/>&#8211; Trading<br \/>&#8211; Mining\u00a0<br \/>&#8211; Stacking<br \/>&#8211; NFT<\/p>\n","protected":false},"featured_media":340,"comment_status":"open","ping_status":"closed","template":"","meta":[],"product_cat":[17],"product_tag":[],"jetpack_sharing_enabled":true,"_links":{"self":[{"href":"https:\/\/cryptofox.fr\/index.php\/wp-json\/wp\/v2\/product\/23"}],"collection":[{"href":"https:\/\/cryptofox.fr\/index.php\/wp-json\/wp\/v2\/product"}],"about":[{"href":"https:\/\/cryptofox.fr\/index.php\/wp-json\/wp\/v2\/types\/product"}],"replies":[{"embeddable":true,"href":"https:\/\/cryptofox.fr\/index.php\/wp-json\/wp\/v2\/comments?post=23"}],"wp:featuredmedia":[{"embeddable":true,"href":"https:\/\/cryptofox.fr\/index.php\/wp-json\/wp\/v2\/media\/340"}],"wp:attachment":[{"href":"https:\/\/cryptofox.fr\/index.php\/wp-json\/wp\/v2\/media?parent=23"}],"wp:term":[{"taxonomy":"product_cat","embeddable":true,"href":"https:\/\/cryptofox.fr\/index.php\/wp-json\/wp\/v2\/product_cat?post=23"},{"taxonomy":"product_tag","embeddable":true,"href":"https:\/\/cryptofox.fr\/index.php\/wp-json\/wp\/v2\/product_tag?post=23"}],"curies":[{"name":"wp","href":"https:\/\/api.w.org\/{rel}","templated":true}]}}