{"id":22,"date":"2024-02-05T18:49:01","date_gmt":"2024-02-05T17:49:01","guid":{"rendered":"https:\/\/cryptofox.fr\/?post_type=product&#038;p=22"},"modified":"2025-04-08T15:11:59","modified_gmt":"2025-04-08T13:11:59","slug":"module-1","status":"publish","type":"product","link":"https:\/\/cryptofox.fr\/index.php\/produit\/module-1\/","title":{"rendered":"Module 1"},"content":{"rendered":"<p>C\u2019est quoi la crypto ?\u00a0<\/p>\n<p>Comment \u00e7a fonctionne ?\u00a0<\/p>\n<p>Comment et o\u00f9 en acheter ?\u00a0<\/p>\n<p>Comment reconna\u00eetre une bonne crypto ?<\/p>\n","protected":false},"excerpt":{"rendered":"<p>Contenus du Module:<\/p>\n<p>\u2947 C\u2019est quoi la crypto-monnaie ?\u00a0<br \/>Les crypto-monnaies sont des actifs num\u00e9riques \u00e9changeables par des tiers avec peu de frais, de mani\u00e8re s\u00e9curis\u00e9e et partout dans le monde\u2026<\/p>\n<p>\u2947 Comment \u00e7a fonctionne ?\u00a0<\/p>\n<p>Il s\u2019agit d\u2019un grand bloc qui r\u00e9pertorie toutes les transactions d\u2019une crypto-monnaie, et une fois que ce bloc est rempli nous en ouvrons un autre\u2026<br \/>La technologie blockchain permet d&#8217;\u00eatre s\u00fbr et fonctionnel. En premier lieu c\u2019est une technologie de stockage et de transmission d\u2019informations. Elle offre de hauts standards de transparence, s\u00e9curit\u00e9 car elle fonctionne sans organe central de contr\u00f4le.<\/p>\n<p>\u2947 Comment et o\u00f9 en acheter ?\u00a0<\/p>\n<p>Pour acheter de la crypto, la mani\u00e8re la plus simple est d&#8217;ouvrir un portefeuille sur les grandes plateformes mondiales comme Binance, Coinbase, Crypto.com etc..<br \/>Il y a d\u2019autres alternatives qui sont \u00e0 votre disposition comme les clefs ledger par exemple\u2026<\/p>\n<p>\u2947 Comment reconna\u00eetre une bonne crypto ?\u00a0<\/p>\n<p>Tout d\u2019abord il faut prendre en compte la capitalisation, puis le white paper, v\u00e9rifier les historiques de la crypto etc..\u00a0<br \/>Ceci est une analyse fondamentale, suivie d\u2019une analyse technique afin d&#8217;avoir une vue bien claire sur la situation de la crypto en question&#8230;\u00a0\u00a0<\/p>\n","protected":false},"featured_media":345,"comment_status":"open","ping_status":"closed","template":"","meta":[],"product_cat":[17],"product_tag":[],"jetpack_sharing_enabled":true,"_links":{"self":[{"href":"https:\/\/cryptofox.fr\/index.php\/wp-json\/wp\/v2\/product\/22"}],"collection":[{"href":"https:\/\/cryptofox.fr\/index.php\/wp-json\/wp\/v2\/product"}],"about":[{"href":"https:\/\/cryptofox.fr\/index.php\/wp-json\/wp\/v2\/types\/product"}],"replies":[{"embeddable":true,"href":"https:\/\/cryptofox.fr\/index.php\/wp-json\/wp\/v2\/comments?post=22"}],"wp:featuredmedia":[{"embeddable":true,"href":"https:\/\/cryptofox.fr\/index.php\/wp-json\/wp\/v2\/media\/345"}],"wp:attachment":[{"href":"https:\/\/cryptofox.fr\/index.php\/wp-json\/wp\/v2\/media?parent=22"}],"wp:term":[{"taxonomy":"product_cat","embeddable":true,"href":"https:\/\/cryptofox.fr\/index.php\/wp-json\/wp\/v2\/product_cat?post=22"},{"taxonomy":"product_tag","embeddable":true,"href":"https:\/\/cryptofox.fr\/index.php\/wp-json\/wp\/v2\/product_tag?post=22"}],"curies":[{"name":"wp","href":"https:\/\/api.w.org\/{rel}","templated":true}]}}